
{"id":1318,"date":"2023-09-27T20:16:12","date_gmt":"2023-09-27T18:16:12","guid":{"rendered":"https:\/\/elearning-jean-marc-ludkas.eu\/?page_id=1318"},"modified":"2023-09-27T21:44:17","modified_gmt":"2023-09-27T19:44:17","slug":"elementor-1318","status":"publish","type":"page","link":"https:\/\/elearning-jean-marc-ludkas.eu\/?page_id=1318","title":{"rendered":"Cours PHP"},"content":{"rendered":"\t\t<div data-elementor-type=\"wp-page\" data-elementor-id=\"1318\" class=\"elementor elementor-1318\">\n\t\t\t\t\t\t\t\t\t<section class=\"elementor-section elementor-top-section elementor-element elementor-element-9f862c9 elementor-section-boxed elementor-section-height-default elementor-section-height-default wpr-particle-no wpr-jarallax-no wpr-parallax-no wpr-sticky-section-no\" data-id=\"9f862c9\" data-element_type=\"section\">\n\t\t\t\t\t\t<div class=\"elementor-container elementor-column-gap-default\">\n\t\t\t\t\t<div class=\"elementor-column elementor-col-100 elementor-top-column elementor-element elementor-element-63b7df0\" data-id=\"63b7df0\" data-element_type=\"column\">\n\t\t\t<div class=\"elementor-widget-wrap elementor-element-populated\">\n\t\t\t\t\t\t\t\t<div class=\"elementor-element elementor-element-bc8148b elementor-widget elementor-widget-text-editor\" data-id=\"bc8148b\" data-element_type=\"widget\" data-widget_type=\"text-editor.default\">\n\t\t\t\t<div class=\"elementor-widget-container\">\n\t\t\t<style>\/*! elementor - v3.15.0 - 20-08-2023 *\/\n.elementor-widget-text-editor.elementor-drop-cap-view-stacked .elementor-drop-cap{background-color:#69727d;color:#fff}.elementor-widget-text-editor.elementor-drop-cap-view-framed .elementor-drop-cap{color:#69727d;border:3px solid;background-color:transparent}.elementor-widget-text-editor:not(.elementor-drop-cap-view-default) .elementor-drop-cap{margin-top:8px}.elementor-widget-text-editor:not(.elementor-drop-cap-view-default) .elementor-drop-cap-letter{width:1em;height:1em}.elementor-widget-text-editor .elementor-drop-cap{float:left;text-align:center;line-height:1;font-size:50px}.elementor-widget-text-editor .elementor-drop-cap-letter{display:inline-block}<\/style>\t\t\t\t<p><strong>Exercice 1 :<\/strong>\u00a0Calculez la surface et le p\u00e9rim\u00e8tre d\u2019un rectangle en compl\u00e9tant le formulaire HTML et en ajoutant le code PHP appropri\u00e9.<\/p><div><div>\u00a0<\/div><\/div><form id=\"lmscode-form\" action=\"#\" method=\"post\">\n<select name=\"language\" id=\"lang\" class=\"lang-select\">\n    <option value=\"python3\">python<\/option>\n    <option value=\"php\">PHP<\/option>\n    <option value=\"java\">Java<\/option>\n    <option value=\"c\">C<\/option>\n    <option value=\"cpp\">c++<\/option>\n    <option value=\"ruby\">Ruby<\/option>\n<\/select>\n<br><br>\n<p class=\"lmscode-txt\">Here right your code:<\/p>\n\n<textarea class=\"prism-live line-numbers language-php fill prism-live-source\" name=\"script\" id=\"code\" cols=\"30\" rows=\"10\"><\/textarea>\n<input type=\"hidden\" name=\"action\" value=\"wtt_get_data\"><\/input>\n<p class=\"lmscode-txt\">If have any input, write here:<\/p>\n\n<input class=\"lmscode-input\" type=\"text\" name=\"inp\" id=\"inp\" placeholder=\"input value \">\n<input class=\"code-run-btn\"  type=\"submit\" name=\"submit\" value=\"Run\">\n<p id=\"lmscode-output\"  class=\"lmscode-result\"><\/p>\n<p id=\"lmscode-cpu\"  class=\"lmscode-result\"><\/p>\n<p id=\"lmscode-memory\"  class=\"lmscode-result\"><\/p>\n<div id=\"picoutput\"><\/div>\n<\/form>\n<p><strong>Exercice 2 :<\/strong>\u00a0R\u00e9solution d\u2019une \u00e9quation du premier degr\u00e9.<\/p><div><div><div><table border=\"0\" cellspacing=\"0\" cellpadding=\"0\"><tbody><tr><td><div>1<\/div><div>2<\/div><div>3<\/div><div>4<\/div><div>5<\/div><div>6<\/div><div>7<\/div><div>8<\/div><div>9<\/div><div>10<\/div><div>11<\/div><div>12<\/div><div>13<\/div><div>14<\/div><div>15<\/div><div>16<\/div><\/td><td><div><div><code>&lt;!DOCTYPE html&gt;<br \/>&lt;html&gt;<br \/>&lt;head&gt;<br \/>&lt;title&gt;Equation&lt;\/title&gt;<br \/>&lt;\/head&gt;<br \/>&lt;body&gt;<br \/>&lt;center&gt;<br \/>&lt;h1&gt; Exercice Equation&lt;\/h1&gt;<br \/>&lt;form method=\"post\"&gt;<br \/>Premier Coeff : &lt;br&gt;<br \/>&lt;input type=\"text\" name=\"a\"&gt;&lt;br&gt;<br \/>Second Coeff : &lt;br&gt;<br \/>&lt;input type=\"text\" name=\"b\"&gt;&lt;br&gt;<br \/>&lt;input type=\"submit\" name=\"resoudre\" value=\"R\u00e9soudre\"&gt;<br \/>&lt;\/form&gt;<br \/>&lt;?php<\/code><\/div><\/div><\/td><\/tr><\/tbody><\/table><\/div><\/div><\/div><form id=\"lmscode-form\" action=\"#\" method=\"post\">\n<select name=\"language\" id=\"lang\" class=\"lang-select\">\n    <option value=\"python3\">python<\/option>\n    <option value=\"php\">PHP<\/option>\n    <option value=\"java\">Java<\/option>\n    <option value=\"c\">C<\/option>\n    <option value=\"cpp\">c++<\/option>\n    <option value=\"ruby\">Ruby<\/option>\n<\/select>\n<br><br>\n<p class=\"lmscode-txt\">Here right your code:<\/p>\n\n<textarea class=\"prism-live line-numbers language-php fill prism-live-source\" name=\"script\" id=\"code\" cols=\"30\" rows=\"10\"><\/textarea>\n<input type=\"hidden\" name=\"action\" value=\"wtt_get_data\"><\/input>\n<p class=\"lmscode-txt\">If have any input, write here:<\/p>\n\n<input class=\"lmscode-input\" type=\"text\" name=\"inp\" id=\"inp\" placeholder=\"input value \">\n<input class=\"code-run-btn\"  type=\"submit\" name=\"submit\" value=\"Run\">\n<p id=\"lmscode-output\"  class=\"lmscode-result\"><\/p>\n<p id=\"lmscode-cpu\"  class=\"lmscode-result\"><\/p>\n<p id=\"lmscode-memory\"  class=\"lmscode-result\"><\/p>\n<div id=\"picoutput\"><\/div>\n<\/form>\n<p><strong>Exercice 3 :<\/strong>\u00a0\u00c9crivez un programme PHP pour v\u00e9rifier si un nombre est parfait ou non. Un nombre parfait est un entier positif qui est \u00e9gal \u00e0 la somme de ses diviseurs propres (excluant lui-m\u00eame).<\/p><div><div><div><table border=\"0\" cellspacing=\"0\" cellpadding=\"0\"><tbody><tr><td><div>1<\/div><div>2<\/div><div>3<\/div><div>4<\/div><div>5<\/div><div>6<\/div><div>7<\/div><div>8<\/div><div>9<\/div><div>10<\/div><div>11<\/div><div>12<\/div><div>13<\/div><div>14<\/div><div>15<\/div><\/td><td><div><div><p><code><code><\/code><\/code><\/p><p>&lt;!DOCTYPE html&gt;<br \/>&lt;html&gt;<br \/>&lt;head&gt;<br \/>&lt;title&gt;Parfait&lt;\/title&gt;<br \/>&lt;\/head&gt;<br \/>&lt;body&gt;<br \/>&lt;center&gt;<br \/>&lt;h1&gt; Exercice Nombre Parfait&lt;\/h1&gt;<br \/>&lt;form method=\u00a0\u00bbpost\u00a0\u00bb&gt;<br \/>Donner un nombre entier : &lt;br&gt;<br \/>&lt;input type=\u00a0\u00bbtext\u00a0\u00bb name=\u00a0\u00bbn\u00a0\u00bb&gt;&lt;br&gt;<\/p><p><code><code><\/code><\/code><\/p><p>&lt;input type=\u00a0\u00bbsubmit\u00a0\u00bb name=\u00a0\u00bbverifier\u00a0\u00bb value=\u00a0\u00bbV\u00e9rifier\u00a0\u00bb&gt;<br \/>&lt;\/form&gt;<br \/>&lt;?php<\/p><p><code><\/code><code><\/code><\/p><\/div><\/div><\/td><\/tr><\/tbody><\/table><\/div><\/div><\/div><form id=\"lmscode-form\" action=\"#\" method=\"post\">\n<select name=\"language\" id=\"lang\" class=\"lang-select\">\n    <option value=\"python3\">python<\/option>\n    <option value=\"php\">PHP<\/option>\n    <option value=\"java\">Java<\/option>\n    <option value=\"c\">C<\/option>\n    <option value=\"cpp\">c++<\/option>\n    <option value=\"ruby\">Ruby<\/option>\n<\/select>\n<br><br>\n<p class=\"lmscode-txt\">Here right your code:<\/p>\n\n<textarea class=\"prism-live line-numbers language-php fill prism-live-source\" name=\"script\" id=\"code\" cols=\"30\" rows=\"10\"><\/textarea>\n<input type=\"hidden\" name=\"action\" value=\"wtt_get_data\"><\/input>\n<p class=\"lmscode-txt\">If have any input, write here:<\/p>\n\n<input class=\"lmscode-input\" type=\"text\" name=\"inp\" id=\"inp\" placeholder=\"input value \">\n<input class=\"code-run-btn\"  type=\"submit\" name=\"submit\" value=\"Run\">\n<p id=\"lmscode-output\"  class=\"lmscode-result\"><\/p>\n<p id=\"lmscode-cpu\"  class=\"lmscode-result\"><\/p>\n<p id=\"lmscode-memory\"  class=\"lmscode-result\"><\/p>\n<div id=\"picoutput\"><\/div>\n<\/form>\n<p><strong>Exercice 4 :<\/strong>\u00a0\u00c9crivez un programme en PHP pour calculer la moyenne des \u00e9l\u00e9ments d\u2019un tableau. Utilisez le formulaire ci-dessous pour saisir les \u00e9l\u00e9ments du tableau (s\u00e9par\u00e9s par des points-virgules) puis cliquez sur \u00ab\u00a0Calculer\u00a0\u00bb pour obtenir la moyenne.<\/p><div><table border=\"0\" cellspacing=\"0\" cellpadding=\"0\"><tbody><tr><td><div>1<\/div><div>2<\/div><div>3<\/div><div>4<\/div><div>5<\/div><div>6<\/div><div>7<\/div><div>8<\/div><div>9<\/div><\/td><td><p>&lt;!DOCTYPE html&gt;<br \/>&lt;html&gt;<br \/>&lt;head&gt;<br \/>&lt;title&gt;Tableau&lt;\/title&gt;<br \/>&lt;\/head&gt;<br \/>&lt;body&gt;<br \/>&lt;center&gt;<br \/>&lt;h1&gt; Exercice Moyenne tableau&lt;\/h1&gt;<br \/>&lt;form method=\u00a0\u00bbpost\u00a0\u00bb&gt;<br \/>Donner les \u00e9l\u00e9ments du tableau (;) : &lt;br&gt;<br \/>&lt;input type=\u00a0\u00bbtext\u00a0\u00bb name=\u00a0\u00bbtab\u00a0\u00bb&gt;&lt;br&gt;<\/p><p>&lt;input type=\u00a0\u00bbsubmit\u00a0\u00bb name=\u00a0\u00bbCalculer\u00a0\u00bb value=\u00a0\u00bbCalculer\u00a0\u00bb&gt;<br \/>&lt;\/form&gt;<br \/>&lt;?php<\/p><\/td><\/tr><\/tbody><\/table><\/div><form id=\"lmscode-form\" action=\"#\" method=\"post\">\n<select name=\"language\" id=\"lang\" class=\"lang-select\">\n    <option value=\"python3\">python<\/option>\n    <option value=\"php\">PHP<\/option>\n    <option value=\"java\">Java<\/option>\n    <option value=\"c\">C<\/option>\n    <option value=\"cpp\">c++<\/option>\n    <option value=\"ruby\">Ruby<\/option>\n<\/select>\n<br><br>\n<p class=\"lmscode-txt\">Here right your code:<\/p>\n\n<textarea class=\"prism-live line-numbers language-php fill prism-live-source\" name=\"script\" id=\"code\" cols=\"30\" rows=\"10\"><\/textarea>\n<input type=\"hidden\" name=\"action\" value=\"wtt_get_data\"><\/input>\n<p class=\"lmscode-txt\">If have any input, write here:<\/p>\n\n<input class=\"lmscode-input\" type=\"text\" name=\"inp\" id=\"inp\" placeholder=\"input value \">\n<input class=\"code-run-btn\"  type=\"submit\" name=\"submit\" value=\"Run\">\n<p id=\"lmscode-output\"  class=\"lmscode-result\"><\/p>\n<p id=\"lmscode-cpu\"  class=\"lmscode-result\"><\/p>\n<p id=\"lmscode-memory\"  class=\"lmscode-result\"><\/p>\n<div id=\"picoutput\"><\/div>\n<\/form>\n<p><strong>Exercice 5 :<\/strong>\u00a0\u00c9crivez une fonction en PHP pour calculer le factoriel d\u2019un nombre. Utilisez le formulaire ci-dessous pour saisir un entier\u00a0<em>n<\/em>\u00a0puis cliquez sur \u00ab\u00a0Calculer\u00a0\u00bb pour obtenir le factoriel.<\/p><div><table border=\"0\" cellspacing=\"0\" cellpadding=\"0\"><tbody><tr><td><div>1<\/div><div>2<\/div><div>3<\/div><div>4<\/div><div>5<\/div><div>6<\/div><div>7<\/div><div>8<\/div><div>9<\/div><div>10<\/div><div>11<\/div><\/td><td><p>&lt;!DOCTYPE html&gt;<br \/>&lt;html&gt;<br \/>&lt;head&gt;<br \/>&lt;title&gt;Factoriel&lt;\/title&gt;<br \/>&lt;\/head&gt;<br \/>&lt;body&gt;<br \/>&lt;center&gt;<br \/>&lt;h1&gt; Exercice Factoriel&lt;\/h1&gt;<br \/>&lt;form method=\u00a0\u00bbpost\u00a0\u00bb&gt;<br \/>Donner un entier : &lt;br&gt;<br \/>&lt;input type=\u00a0\u00bbtext\u00a0\u00bb name=\u00a0\u00bbn\u00a0\u00bb&gt;&lt;br&gt;<\/p><p>&lt;input type=\u00a0\u00bbsubmit\u00a0\u00bb name=\u00a0\u00bbCalculer\u00a0\u00bb value=\u00a0\u00bbCalculer\u00a0\u00bb&gt;<br \/>&lt;\/form&gt;<br \/>&lt;?php<\/p><\/td><\/tr><\/tbody><\/table><\/div><form id=\"lmscode-form\" action=\"#\" method=\"post\">\n<select name=\"language\" id=\"lang\" class=\"lang-select\">\n    <option value=\"python3\">python<\/option>\n    <option value=\"php\">PHP<\/option>\n    <option value=\"java\">Java<\/option>\n    <option value=\"c\">C<\/option>\n    <option value=\"cpp\">c++<\/option>\n    <option value=\"ruby\">Ruby<\/option>\n<\/select>\n<br><br>\n<p class=\"lmscode-txt\">Here right your code:<\/p>\n\n<textarea class=\"prism-live line-numbers language-php fill prism-live-source\" name=\"script\" id=\"code\" cols=\"30\" rows=\"10\"><\/textarea>\n<input type=\"hidden\" name=\"action\" value=\"wtt_get_data\"><\/input>\n<p class=\"lmscode-txt\">If have any input, write here:<\/p>\n\n<input class=\"lmscode-input\" type=\"text\" name=\"inp\" id=\"inp\" placeholder=\"input value \">\n<input class=\"code-run-btn\"  type=\"submit\" name=\"submit\" value=\"Run\">\n<p id=\"lmscode-output\"  class=\"lmscode-result\"><\/p>\n<p id=\"lmscode-cpu\"  class=\"lmscode-result\"><\/p>\n<p id=\"lmscode-memory\"  class=\"lmscode-result\"><\/p>\n<div id=\"picoutput\"><\/div>\n<\/form>\n<p><strong>Exercice 6 :\u00a0<\/strong>\u00c9crivez un programme en PHP pour lire le contenu d\u2019un fichier. Utilisez le formulaire ci-dessous pour saisir le nom du fichier puis cliquez sur \u00ab\u00a0Afficher\u00a0\u00bb pour voir son contenu et le nombre de caract\u00e8res qu\u2019il contient.<\/p><div><div><div><table border=\"0\" cellspacing=\"0\" cellpadding=\"0\"><tbody><tr><td><div>1<\/div><div>2<\/div><div>3<\/div><div>4<\/div><div>5<\/div><div>6<\/div><div>7<\/div><div>8<\/div><div>9<\/div><div>10<\/div><div>11<\/div><div>12<\/div><\/td><td><div><div><p><code><code><\/code><\/code><\/p><p>&lt;!DOCTYPE html&gt;<br \/>&lt;html&gt;<br \/>&lt;head&gt;<br \/>&lt;title&gt;Fichier&lt;\/title&gt;<br \/>&lt;\/head&gt;<br \/>&lt;body&gt;<br \/>&lt;center&gt;<br \/>&lt;h1&gt; Exercice Fichier&lt;\/h1&gt;<br \/>&lt;form method=\u00a0\u00bbpost\u00a0\u00bb&gt;<br \/>Donner un nom de fichier : &lt;br&gt;<br \/>&lt;input type=\u00a0\u00bbtext\u00a0\u00bb name=\u00a0\u00bbnom\u00a0\u00bb&gt;&lt;br&gt;<\/p><p><code><code><\/code><\/code><\/p><p>&lt;input type=\u00a0\u00bbsubmit\u00a0\u00bb name=\u00a0\u00bbAfficher\u00a0\u00bb value=\u00a0\u00bbAfficher\u00a0\u00bb&gt;<br \/>&lt;\/form&gt;<br \/>&lt;?php<\/p><p><code>}<\/code><\/p><\/div><\/div><\/td><\/tr><\/tbody><\/table><form id=\"lmscode-form\" action=\"#\" method=\"post\">\n<select name=\"language\" id=\"lang\" class=\"lang-select\">\n    <option value=\"python3\">python<\/option>\n    <option value=\"php\">PHP<\/option>\n    <option value=\"java\">Java<\/option>\n    <option value=\"c\">C<\/option>\n    <option value=\"cpp\">c++<\/option>\n    <option value=\"ruby\">Ruby<\/option>\n<\/select>\n<br><br>\n<p class=\"lmscode-txt\">Here right your code:<\/p>\n\n<textarea class=\"prism-live line-numbers language-php fill prism-live-source\" name=\"script\" id=\"code\" cols=\"30\" rows=\"10\"><\/textarea>\n<input type=\"hidden\" name=\"action\" value=\"wtt_get_data\"><\/input>\n<p class=\"lmscode-txt\">If have any input, write here:<\/p>\n\n<input class=\"lmscode-input\" type=\"text\" name=\"inp\" id=\"inp\" placeholder=\"input value \">\n<input class=\"code-run-btn\"  type=\"submit\" name=\"submit\" value=\"Run\">\n<p id=\"lmscode-output\"  class=\"lmscode-result\"><\/p>\n<p id=\"lmscode-cpu\"  class=\"lmscode-result\"><\/p>\n<p id=\"lmscode-memory\"  class=\"lmscode-result\"><\/p>\n<div id=\"picoutput\"><\/div>\n<\/form>\n<\/div><\/div><\/div>\t\t\t\t\t\t<\/div>\n\t\t\t\t<\/div>\n\t\t\t\t\t<\/div>\n\t\t<\/div>\n\t\t\t\t\t\t\t<\/div>\n\t\t<\/section>\n\t\t\t\t<section class=\"elementor-section elementor-top-section elementor-element elementor-element-21a2384 elementor-section-boxed elementor-section-height-default elementor-section-height-default wpr-particle-no wpr-jarallax-no wpr-parallax-no wpr-sticky-section-no\" data-id=\"21a2384\" data-element_type=\"section\">\n\t\t\t\t\t\t<div class=\"elementor-container elementor-column-gap-default\">\n\t\t\t\t\t<div class=\"elementor-column elementor-col-100 elementor-top-column elementor-element elementor-element-dbe994a\" data-id=\"dbe994a\" data-element_type=\"column\">\n\t\t\t<div class=\"elementor-widget-wrap elementor-element-populated\">\n\t\t\t\t\t\t\t\t<div class=\"elementor-element elementor-element-52aa87c elementor-widget elementor-widget-html\" data-id=\"52aa87c\" data-element_type=\"widget\" data-widget_type=\"html.default\">\n\t\t\t\t<div class=\"elementor-widget-container\">\n\t\t\t<script src=\"https:\/\/www.jdoodle.com\/assets\/jdoodle-pym.min.js\" type=\"text\/javascript\"><\/script>\t\t<\/div>\n\t\t\t\t<\/div>\n\t\t\t\t\t<\/div>\n\t\t<\/div>\n\t\t\t\t\t\t\t<\/div>\n\t\t<\/section>\n\t\t\t\t<section class=\"elementor-section elementor-top-section elementor-element elementor-element-877869d elementor-section-boxed elementor-section-height-default elementor-section-height-default wpr-particle-no wpr-jarallax-no wpr-parallax-no wpr-sticky-section-no\" data-id=\"877869d\" data-element_type=\"section\">\n\t\t\t\t\t\t<div class=\"elementor-container elementor-column-gap-default\">\n\t\t\t\t\t<div class=\"elementor-column elementor-col-100 elementor-top-column elementor-element elementor-element-adad677\" data-id=\"adad677\" data-element_type=\"column\">\n\t\t\t<div class=\"elementor-widget-wrap elementor-element-populated\">\n\t\t\t\t\t\t\t\t<div class=\"elementor-element elementor-element-e23543e elementor-widget elementor-widget-html\" data-id=\"e23543e\" data-element_type=\"widget\" data-widget_type=\"html.default\">\n\t\t\t\t<div class=\"elementor-widget-container\">\n\t\t\t<div data-pym-src=\"https:\/\/www.jdoodle.com\/embed\/v0\/6DlH\"><\/div>\t\t<\/div>\n\t\t\t\t<\/div>\n\t\t\t\t\t<\/div>\n\t\t<\/div>\n\t\t\t\t\t\t\t<\/div>\n\t\t<\/section>\n\t\t\t\t\t\t\t<\/div>\n\t\t","protected":false},"excerpt":{"rendered":"<p>Exercice 1 :\u00a0Calculez la surface et le p\u00e9rim\u00e8tre d\u2019un rectangle en compl\u00e9tant le formulaire HTML et en ajoutant le code PHP appropri\u00e9. \u00a0 Exercice 2 :\u00a0R\u00e9solution d\u2019une \u00e9quation du premier degr\u00e9. 12345678910111213141516 &lt;!DOCTYPE html&gt;&lt;html&gt;&lt;head&gt;&lt;title&gt;Equation&lt;\/title&gt;&lt;\/head&gt;&lt;body&gt;&lt;center&gt;&lt;h1&gt; Exercice Equation&lt;\/h1&gt;&lt;form method=\u00a0\u00bbpost\u00a0\u00bb&gt;Premier Coeff : &lt;br&gt;&lt;input type=\u00a0\u00bbtext\u00a0\u00bb name=\u00a0\u00bba\u00a0\u00bb&gt;&lt;br&gt;Second Coeff : &lt;br&gt;&lt;input type=\u00a0\u00bbtext\u00a0\u00bb name=\u00a0\u00bbb\u00a0\u00bb&gt;&lt;br&gt;&lt;input type=\u00a0\u00bbsubmit\u00a0\u00bb name=\u00a0\u00bbresoudre\u00a0\u00bb value=\u00a0\u00bbR\u00e9soudre\u00a0\u00bb&gt;&lt;\/form&gt;&lt;?php Exercice 3 :\u00a0\u00c9crivez un programme [&hellip;]<\/p>\n","protected":false},"author":1,"featured_media":0,"parent":0,"menu_order":0,"comment_status":"closed","ping_status":"closed","template":"","meta":{"footnotes":""},"aioseo_notices":[],"_links":{"self":[{"href":"https:\/\/elearning-jean-marc-ludkas.eu\/index.php?rest_route=\/wp\/v2\/pages\/1318"}],"collection":[{"href":"https:\/\/elearning-jean-marc-ludkas.eu\/index.php?rest_route=\/wp\/v2\/pages"}],"about":[{"href":"https:\/\/elearning-jean-marc-ludkas.eu\/index.php?rest_route=\/wp\/v2\/types\/page"}],"author":[{"embeddable":true,"href":"https:\/\/elearning-jean-marc-ludkas.eu\/index.php?rest_route=\/wp\/v2\/users\/1"}],"replies":[{"embeddable":true,"href":"https:\/\/elearning-jean-marc-ludkas.eu\/index.php?rest_route=%2Fwp%2Fv2%2Fcomments&post=1318"}],"version-history":[{"count":26,"href":"https:\/\/elearning-jean-marc-ludkas.eu\/index.php?rest_route=\/wp\/v2\/pages\/1318\/revisions"}],"predecessor-version":[{"id":1376,"href":"https:\/\/elearning-jean-marc-ludkas.eu\/index.php?rest_route=\/wp\/v2\/pages\/1318\/revisions\/1376"}],"wp:attachment":[{"href":"https:\/\/elearning-jean-marc-ludkas.eu\/index.php?rest_route=%2Fwp%2Fv2%2Fmedia&parent=1318"}],"curies":[{"name":"wp","href":"https:\/\/api.w.org\/{rel}","templated":true}]}}